{"id":15,"date":"2022-07-16T06:00:01","date_gmt":"2022-07-16T06:00:01","guid":{"rendered":"https:\/\/roglacup.com\/kopa\/?page_id=15"},"modified":"2022-07-16T06:12:11","modified_gmt":"2022-07-16T06:12:11","slug":"komerciala","status":"publish","type":"page","link":"https:\/\/roglacup.com\/kopa\/komerciala\/","title":{"rendered":"Komerciala"},"content":{"rendered":"\n<h1 class=\"wp-block-heading\"><a>Skladi\u0161\u010dna logistika<\/a><\/h1>\n\n\n\n<p>Kopina logistika vam lahko pomaga izbolj\u0161ati \u0161iroko paleto osnovnih vhodnih procesov, vklju\u010dno z prejemom&nbsp; in optimizacijo, dolo\u010danjem lokacij, notranjim usmerjanjem.<\/p>\n\n\n\n<p>Na podlagi naro\u010dil dobaviteljem naro\u010danje in izvedba prevozov. Logisti\u010dno opremljanje \u2013 etiketiranje prejetega blaga, dolo\u010danje lokacij, ve\u010d nivojska vhodna kontrola. Po prejetih zahtevkih za izdajo v proizvodnjo vodenje po skladi\u0161\u010dnih lokacijah, kjer je zaloga.<\/p>\n\n\n\n<p>Na podlagi kup\u010devih naro\u010dil naro\u010danje in izvedba prevozov. Z prejetimi nakladalnimi nalogi, direktno tvorjenje dobavnic. Logisti\u010dno opremljanje izdelkov v fazi proizvodnje ali ob prejemu v skladi\u0161\u010de. U\u010dinkovito shranjevanje kup\u010devih zalog in njihova odprema.<\/p>\n\n\n\n<h1 class=\"wp-block-heading\"><a>Intrastat<\/a><\/h1>\n\n\n\n<p>Intrastat je sistem za zbiranje informacij in izdelavo statistike o blagovni menjavi med dr\u017eavami evropske unije.<\/p>\n\n\n\n<p>Poro\u010da se nabava in prodaja, \u010de podjetje prebije mese\u010dno finan\u010dno kvoto izmenjave blaga z dr\u017eavami evropske unije.<\/p>\n\n\n\n<p>Paket omogo\u010da celovito pripravo podatkov, kontrolo pripravljenih podatkov, opozarjanje na manjkajo\u010de podatke, vse potrebne kontrolne izpise. Pripravo xml datoteke in povezavo z glavnimi intrastat po\u0161tarji.<\/p>\n\n\n\n<h1 class=\"wp-block-heading\"><a>B2B (Rip-i)<\/a><\/h1>\n\n\n\n<h1 class=\"wp-block-heading\"><\/h1>\n\n\n\n<p>Business-to-business ali medpodjetni\u0161ko poslovanje&nbsp; je situacija, ko eno podjetje sklene komercialni posel z drugim. To se obi\u010dajno zgodi, ko eno podjetje v svojem informacijskem sistemu naro\u010di potrebne surovine drugemu podjetju. Taka naro\u010dila in vsa nadaljnja dokumentacija nato poteka v elektronski izmenjavi dokumentov, kot so kup\u010devo naro\u010dila, potrditev naro\u010dila, dobavnica, faktura, dobropis. Kopa podpira sisteme, kot so EDI, Panteon.<\/p>\n\n\n\n<h1 class=\"wp-block-heading\"><\/h1>\n\n\n\n<h1 class=\"wp-block-heading\">Nabava<\/h1>\n\n\n\n<p>Na podlagi kup\u010devih naro\u010dil oziroma serijske proizvodnje proizvodnja redno izra\u010dunava nabavne potrebe za izdelavo naro\u010denega v predvidenem roku. Vsi izhodni dokumenti so prilagojeni ve\u010d jezikovnim razli\u010dicam, avtomatsko ali ro\u010dno odvisno od nastavitev na poslovnem partnerju. Prav tako se lahko izhodni dokumenti ro\u010dno ali z avtomatizmi po\u0161iljajo stranki. Nabavni paket Kopa u\u010dinkovito posreduje nabavne potrebe v nabavno slu\u017ebo nabave, ki lahko izvaja slede\u010de:<\/p>\n\n\n\n<ul class=\"wp-block-list\"><li>Najava potreb po materialu<\/li><li>Iskanje najprimernej\u0161ih ponudb pri raznoraznih dobaviteljih<\/li><li>Analiza pridobljenih ponudb<\/li><li>Zgodovina nabave, ki upo\u0161teva vse nabavne stro\u0161ke in izbor najprimernej\u0161ega ponudnika<\/li><li>Dogovor o vsebini nabavnega posla (predmet pogodbe, koli\u010dina, cena). Tvorjenje nabavne pogodbe, tudi z podatki za intrastat poro\u010danje<\/li><li>Naro\u010danje in dostava materiala, naro\u010danje prevoza za dostavo materiala<\/li><li>Prevzem materiala in kontrola prejetega<\/li><li>Pla\u010dilo ra\u010duna v naprej dolo\u010denem pla\u010dilnem roku<\/li><\/ul>\n\n\n\n<p>Nabavne evidence:<\/p>\n\n\n\n<ul class=\"wp-block-list\"><li>evidenca koli\u010din materiala<\/li><li>evidenca cen materiala<\/li><li>evidenca dobaviteljev<\/li><li>evidenca nabavnih pogojev<\/li><li>evidenca o reklamacijah blaga<\/li><\/ul>\n\n\n\n<h1 class=\"wp-block-heading\"><a>Prodaja<\/a><\/h1>\n\n\n\n<h1 class=\"wp-block-heading\">&nbsp;<\/h1>\n\n\n\n<p>Proces prodaje omogo\u010da enostavno zaporedje korakov &nbsp;od ponudb do &nbsp;prodajnih naro\u010dil do kon\u010dne fakture.<\/p>\n\n\n\n<p>Omogo\u010deno je tudi zdru\u017eevanje in razdru\u017eevanje vseh dokumentov v verigi. Ker so vsi dokumenti povezani med sabo na nivoju posamezne pozicije, lahko vedno v vsaki fazi knji\u017eenja spremljamo stanje odprtosti posameznega dokumenta, dokumente po kupcih, dokumente po \u0161ifrah predmetov, po datumih od\/do. Upravljanje pogodb, strankam izdajajte ra\u010dune glede na \u010das in materiale, enostavno bele\u017eite pogodbe in sledite fazam fakturiranja. Prav tako je mo\u017eno ponavljajo\u010da naro\u010dila\/ponudbe&nbsp; vedno kopirati, jih dodatno urejati in nato po\u0161iljati v proizvodnjo. Vsi izhodni dokumenti so prilagojeni ve\u010d jezikovnim razli\u010dicam, avtomatsko ali ro\u010dno odvisno od nastavitev na poslovnem partnerju.<\/p>\n\n\n\n<p>Prodajne evidence:<\/p>\n\n\n\n<ul class=\"wp-block-list\"><li>evidenca izdanih in realiziranih ponudb<\/li><li>evidenca izdanih in realiziranih kup\u010devih naro\u010dil<\/li><li>evidenca nefakturiranih dobavnic<\/li><li>evidenca nepla\u010danih faktur<\/li><li>evidenca o reklamacijah blaga-ter re\u0161evanje reklamacij (ve\u010d v opisu modula za kakovost)<\/li><li>koli\u010dinski in finan\u010dni dobropisi<\/li><\/ul>\n\n\n\n<h1 class=\"wp-block-heading\"><a>Skladi\u0161\u010de<\/a><\/h1>\n\n\n\n<p>Upravljanje skladi\u0161\u010da zajema procese, vklju\u010dene v vodenje vsakodnevnih operacij skladi\u0161\u010da. To vklju\u010duje sprejem in organizacijo skladi\u0161\u010dnega prostora, razporejanje dela, upravljanje zalog in izpolnjevanje naro\u010dil. U\u010dinkovito upravljanje skladi\u0161\u010da vklju\u010duje optimizacijo, s \u010dimer si zagotovite, da vsi vidiki delovanja skladi\u0161\u010da delujejo skupaj za pove\u010danje produktivnosti in ohranjanje nizkih stro\u0161kov.<\/p>\n\n\n\n<p>Skladi\u0161\u010dne operacije so strankam na splo\u0161no nevidne, vendar igrajo klju\u010dno vlogo v zakulisju pri zagotavljanju pravo\u010dasne dostave. Da bi dosegli ta cilj, dobro upravljanje skladi\u0161\u010da zagotavlja, da vsi skladi\u0161\u010dni procesi te\u010dejo \u010dim bolj u\u010dinkovito in natan\u010dno. Na primer, upravljanje skladi\u0161\u010da vklju\u010duje optimizacijo uporabe skladi\u0161\u010dnega prostora za pove\u010danje skladi\u0161\u010denja zalog;<\/p>\n\n\n\n<p>Prednosti dobrega upravljanja skladi\u0161\u010da \u2013 in sicer hitre, visokokakovostne storitve po nizki ceni \u2013 se lahko raz\u0161irijo na celotno dobavno verigo in tako okrepijo odnose z dobavitelji in kupci.<\/p>\n\n\n\n<p>Toda glede na veliko vklju\u010denih elementov je optimizacija upravljanja skladi\u0161\u010da lahko zapletena naloga. Zato se mnoge organizacije po pomo\u010d obra\u010dajo na sisteme za upravljanje skladi\u0161\u010d, kar tudi omogo\u010da Kopin paket.<\/p>\n\n\n\n<h1 class=\"wp-block-heading\"><a>Sledljivost<\/a><\/h1>\n\n\n\n<h2 class=\"wp-block-heading\">&nbsp;<\/h2>\n\n\n\n<p>Sledljivost je zmo\u017enost sledenja vsakemu delu in izdelku skozi celoten proizvodni proces, od trenutka, ko surovine vstopijo v tovarno, do trenutka, ko so kon\u010dni izdelki odposlani.<\/p>\n\n\n\n<p>Informacije o vsakem delu in izdelku, vklju\u010dno z rezultati in\u0161pekcijskih pregledov, podrobnostmi sestavljanja in \u010dasom, porabljenim na vsaki postaji, se bele\u017eijo od za\u010detka do konca.<\/p>\n\n\n\n<p>Zakaj je sledljivost pomembna?<\/p>\n\n\n\n<p>Pogosto obstaja mnenje, da sledljivost velja le za izdelke, ki bi lahko bili predmet odpoklica, kot so hrana, zra\u010dne blazine, \u2026 V teh primerih je o\u010ditno, zakaj je sledljivost pomembna. Okvarjenega ali kontaminiranega izdelka ne morete u\u010dinkovito odpoklicati brez popolnega razumevanja njegovega izvora, zgodovine in distribucije.<\/p>\n\n\n\n<p>Vendar bi moral vsak sodoben proizvajalec \u2013 tudi tisti v sektorjih brez strogih predpisov o skladnosti \u2013 dati prednost sledljivosti. Sledljivost dejansko pomaga izbolj\u0161ati kakovost in u\u010dinkovitost, saj daje proizvajalcem vpogled v njihovo delovanje v realnem \u010dasu in omogo\u010da analizo temeljnih vzrokov napak.<\/p>\n\n\n\n<p>Na primer, \u010de nekateri izdelki pridejo na konec proizvodne linije z napakami, je koristno imeti vpogled v njihov celoten proizvodni proces. Morda se niso ustavili na dolo\u010deni postaji za preverjanje kakovosti. Ali pa je morda vse pokvarjene izdelke obdelal isti novi operater, kar ka\u017ee na vrzeli v usposabljanju operaterjev. Ali pa so morda vsi pokvarjeni izdelki \u0161li skozi isti stroj, ki bi ga morali pregledati vzdr\u017eevalci. Ali pa vsi izdelki z napako vsebujejo komponente dolo\u010denega dobavitelja. Z Kopinim paketom je sledljivost mogo\u010da do zadnjega kosa sestavnice, od vhoda materiala, do odpreme izdelka, skozi vse faze proizvodnje.<\/p>\n\n\n\n<h2 class=\"wp-block-heading\"><\/h2>\n\n\n\n<h2 class=\"wp-block-heading\">Mobilna logistika<\/h2>\n\n\n\n<h2 class=\"wp-block-heading\">&nbsp;<\/h2>\n\n\n\n<p>Kopina skladi\u0161\u010dna logistika kot taka omogo\u010da izvedbo vseh poslovnih dogodkov samo z osebnimi ra\u010dunalniki. \u0160e naprednej\u0161i nivo pa je uporaba mobilnih naprav, predvsem z prenosnimi \u010ditalci \u010drtne kode. S tem dose\u017eemo \u0161e hitrej\u0161e in predvsem bolj to\u010dne knji\u017ebe. Tako je dose\u017eena celovita digitalizacija skladi\u0161\u010dnega poslovanja, ki \u0161e dodatno zni\u017euje operativne stro\u0161ke.<\/p>\n\n\n\n<p>DINAMI\u010cNE ANALIZE ( vse aplikacije, moduli )<\/p>\n\n\n\n<p>Z njihovo pomo\u010djo izdelujemo \u0161tevilne izpise in analize. Modul uporabniku zagotavlja, da si v okviru svojega podro\u010dja delovanja samostojno in neodvisno pripravi \u017eelene izpise in analize na ve\u010d razli\u010dnih na\u010dinov (prednastavljeni izpisi\/analize, poseben modul za samostojno nastavljanje analiz). Aplikacija uporabniku hkrati zagotavlja, da lahko vse izpise\/analize izvozi v programska orodja oz. formate, kot so npr. Excel, PDF, HTML, kjer bo lahko podatke nadalje obdeloval v skladu z \u017eelenim rezultatom oz. glede na format zagotovil za\u0161\u010dito dokumenta.<\/p>\n","protected":false},"excerpt":{"rendered":"<p>Skladi\u0161\u010dna logistika Kopina logistika vam lahko pomaga izbolj\u0161ati \u0161iroko paleto osnovnih vhodnih procesov, vklju\u010dno z prejemom&nbsp; in optimizacijo, dolo\u010danjem lokacij, notranjim usmerjanjem. Na podlagi naro\u010dil dobaviteljem naro\u010danje in izvedba prevozov. Logisti\u010dno opremljanje \u2013 etiketiranje prejetega blaga, dolo\u010danje lokacij, ve\u010d nivojska vhodna kontrola. Po prejetih zahtevkih za izdajo v proizvodnjo vodenje po skladi\u0161\u010dnih lokacijah, kjer je [&hellip;]<\/p>\n","protected":false},"author":1,"featured_media":0,"parent":0,"menu_order":0,"comment_status":"closed","ping_status":"closed","template":"","meta":{"footnotes":""},"class_list":["post-15","page","type-page","status-publish","hentry"],"_links":{"self":[{"href":"https:\/\/roglacup.com\/kopa\/wp-json\/wp\/v2\/pages\/15","targetHints":{"allow":["GET"]}}],"collection":[{"href":"https:\/\/roglacup.com\/kopa\/wp-json\/wp\/v2\/pages"}],"about":[{"href":"https:\/\/roglacup.com\/kopa\/wp-json\/wp\/v2\/types\/page"}],"author":[{"embeddable":true,"href":"https:\/\/roglacup.com\/kopa\/wp-json\/wp\/v2\/users\/1"}],"replies":[{"embeddable":true,"href":"https:\/\/roglacup.com\/kopa\/wp-json\/wp\/v2\/comments?post=15"}],"version-history":[{"count":3,"href":"https:\/\/roglacup.com\/kopa\/wp-json\/wp\/v2\/pages\/15\/revisions"}],"predecessor-version":[{"id":20,"href":"https:\/\/roglacup.com\/kopa\/wp-json\/wp\/v2\/pages\/15\/revisions\/20"}],"wp:attachment":[{"href":"https:\/\/roglacup.com\/kopa\/wp-json\/wp\/v2\/media?parent=15"}],"curies":[{"name":"wp","href":"https:\/\/api.w.org\/{rel}","templated":true}]}}