{"id":2,"date":"2022-07-16T04:53:56","date_gmt":"2022-07-16T04:53:56","guid":{"rendered":"https:\/\/roglacup.com\/kopa\/?page_id=2"},"modified":"2022-07-16T05:51:57","modified_gmt":"2022-07-16T05:51:57","slug":"sample-page","status":"publish","type":"page","link":"https:\/\/roglacup.com\/kopa\/sample-page\/","title":{"rendered":"Proizvodnja"},"content":{"rendered":"\n<h3 class=\"wp-block-heading\"><a>Sestavnice\/Kosovnice<\/a><\/h3>\n\n\n\n<p>Sestavnice predstavljajo poleg na\u010drtov&nbsp;osnovno dokumentacijo izdelka oziroma polizdelka. V njih so predstavljene vse koli\u010dinske relacije, ki nastopajo v izdelku oziroma polizdelku. Organizirane so po modularnem principu, tako da se enak sklop, ki nastopa v razli\u010dnih izdelkih in polizdelkih, vna\u0161a samo enkrat.<\/p>\n\n\n\n<p>Mo\u017ena je uporaba razli\u010dnih vrst sestavnic.&nbsp;<\/p>\n\n\n\n<p><strong>Odlike, ki jih uporabniki cenijo&nbsp;<\/strong><\/p>\n\n\n\n<ul class=\"wp-block-list\"><li>enostavno vna\u0161anje in urejanje sestavnic, kosovnic oz. receptur<\/li><li>mo\u017enost enostavnega dodajanja alternativnih predmetov<\/li><li>mo\u017enosti tvorjenja variant sestavnic<\/li><li>a\u017euriranje oz. spreminjanje ve\u010d sestavnic naenkrat<\/li><li>mo\u017enost zamenjave pozicije po vseh sestavnicah<\/li><li>hitra zamenjava alternative po vseh sestavnicah<\/li><li>hiter pregled, kam vse se vgrajuje dolo\u010den element v sestavnici<\/li><li>hiter in enostaven pregled strukture dolo\u010denega predmeta<\/li><li>pregledni izpisi, ki jih lahko prika\u017eemo na ekran, izpi\u0161emo na tiskalnik ali pa po\u0161ljemo po e- po\u0161ti<\/li><li>za poljubno&nbsp;\u0161tevilo izdelkov lahko dobimo koli\u010dinski izra\u010dun po celotni strukturi<\/li><li>natan\u010den pregled spreminjanja dolo\u010dene sestavnice<\/li><li>hiter dostop do drugih funkcij skozi formo Urejanje sestavnic (Struktura, Pripadnost, Postopki, Zgodovina, \u2026)<\/li><li>povezava&nbsp;z drugimi deli proizvodne aplikacije<\/li><li>mo\u017enost&nbsp; izbire vseh najdenih alternativ ali samo izbrane alternative<\/li><\/ul>\n\n\n\n<h3 class=\"wp-block-heading\"><a>Delovni Postopki<\/a><\/h3>\n\n\n\n<p>Postopek je predstavitev tehnolo\u0161kega procesa, po katerem pridemo do izdelka. Razdeljen je na operacije, ki vsebujejo \u010dasovne normative za delovne celice, delovna mesta, delovne priprave in delavce, ki so potrebni za izdelavo sklopa.<\/p>\n\n\n\n<p><strong>Odlike, ki jih uporabniki cenijo<\/strong><\/p>\n\n\n\n<ul class=\"wp-block-list\"><li>enostavni vnos postopkov oz. procesov s pripadajo\u010dimi operacijami in kapacitetami<\/li><li>mo\u017enost enostavnega dodajanja alternativnih operacij<\/li><li>vodenje pripravnih in zaklju\u010dnih \u010dasov, medoperacijskih \u010dasov \u2026<\/li><li>mo\u017enost tipske tehnologije<\/li><li>enkraten vnos podatkov<\/li><li>dostop do drugih modulov (kapacitete, sestavnice, dokumenti, kontrolni plan, Zgodovina \u2026)&nbsp;<\/li><\/ul>\n\n\n\n<h3 class=\"wp-block-heading\"><a>Kapacitete<\/a><\/h3>\n\n\n\n<p>Modul Kapacitete uporabljamo kot pripomo\u010dek za vnos in dolo\u010ditev kapacitet. Dolo\u010damo sistemsko hierarhijo kapacitet (podrejenost, nadrejenost), koledar za vse kapacitete, kakor tudi razli\u010dne izpise struktur ali pripadnosti kapacitet.<\/p>\n\n\n\n<p>Proizvodne kapacitete so sestavljene iz strojev, orodij, delavcev.<\/p>\n\n\n\n<p><strong>Odlike, ki jih uporabniki cenijo<\/strong><\/p>\n\n\n\n<ul class=\"wp-block-list\"><li>enostaven vnos proizvodnih kapacitet in pripadajo\u010dih elementov<\/li><li>enostaven vnos kapacitet in gradnja hierarhije za celotno podjetje s so\u010dasnim dolo\u010danjem terminskega koledarja<\/li><li>dolo\u010danje koledarjev za razli\u010dne nivoje kapacitet<\/li><li>enostavno spreminjanje koledarja za vsako izjemo na posamezni kapaciteti<\/li><li>pregledni izpisi, ki jih lahko prika\u017eemo na ekran, izpi\u0161emo na tiskalnik ali pa po\u0161ljemo po e- po\u0161ti<\/li><li>enkraten vnos kapacitet, vneseni podatki so na voljo vsem aplikacijam<\/li><li>enkraten vnos hierarhije oz. strukture kapacitet za celotno aplikacijo<\/li><li>koledar lahko generiramo (dolo\u010dimo) za neomejen \u010das nazaj in naprej z upo\u0161tevanjem vikendov in praznikov<\/li><li>enoizmenski in ve\u010dizmenski koledarji<\/li><\/ul>\n\n\n\n<h3 class=\"wp-block-heading\"><a>Klju\u010di<\/a><\/h3>\n\n\n\n<p>Aplikacija Klju\u010di je v proizvodnem informacijskem sistemu postavljena kot posebej veja, ker ima pomembno vlogo pri nekaterih odlo\u010ditvah v planiranju, lansiranju in spremljanju proizvodnje. Nekateri klju\u010di pa so pomembni \u017ee pri predkalkulacijah.<\/p>\n\n\n\n<p>Klju\u010di nam povedo, kako se posamezni element, ki v sistemu proizvodnje nastopa kot material, polproizvod ali proizvod, obna\u0161a, kar pomeni, da je v planu proizvodnje vsak klju\u010d postavljen na nivo elementa (PMT), ne glede na to kako, oziroma skozi katere programe je v sistem pri\u0161el.<\/p>\n\n\n\n<p>V aplikaciji klju\u010di imamo tudi relacije skladi\u0161\u010d, ki dolo\u010dijo, v katerem skladi\u0161\u010du se naj dolo\u010den element nahaja. V planu proizvodnje mora biti za vsak element enoli\u010dno dolo\u010deno, kateremu skladi\u0161\u010du pripada.<\/p>\n\n\n\n<h3 class=\"wp-block-heading\"><a>Predkalkulacije<\/a><\/h3>\n\n\n\n<p>KALKULACIJE so modul, v katerem na podlagi koli\u010dinskih in \u010dasovnih normativov ter razli\u010dnih cen izra\u010dunamo &#8211; izvedemo predkalkulacijo za vse elemente ali posamezne skupine elementov.<\/p>\n\n\n\n<p><strong>Odlike, ki jih uporabniki cenijo<\/strong><\/p>\n\n\n\n<ul class=\"wp-block-list\"><li>hiter izra\u010dun na podlagi koli\u010dinskih in \u010dasovnih normativov ter razli\u010dnih cen<\/li><li>hiter in u\u010dinkovit dostop do ostalih modulov v aplikaciji v primeru potrebe po spremembi podatka (Sestavnice, Postopki, Kapacitete, Klju\u010di \u2026)<\/li><li>mo\u017enost simuliranja predkalkulacije za proizvod, ki \u0161e nima normativov<\/li><li>delitev izra\u010dunane vrednosti na predmete in kapacitete po razli\u010dnih vrstah stro\u0161kov<\/li><li>predkalkulacije uporabljamo za izra\u010dun predvidenih stro\u0161kov materiala in dela<\/li><li>mo\u017enost simulacij oz. spreminjanja osnovnih normativov<\/li><li>razli\u010dne analize in pregled vseh vrst stro\u0161kov po celotni strukturi<\/li><li>pregled zbirne kalkulacije in strukturne kalkulacije za vse vrste stro\u0161kov z upo\u0161tevanjem pripravno zaklju\u010dnih \u010dasov glede na planirano koli\u010dino<\/li><li>prepis podatkov za izra\u010dun iz drugih aplikacij Kopa ERP-a<\/li><li>prepis izra\u010dunanih cen v cenike glede na stro\u0161ek<\/li><\/ul>\n\n\n\n<h3 class=\"wp-block-heading\"><a>Planiranje in Lansiranje proizvodnje<\/a><\/h3>\n\n\n\n<p>Proces planiranja proizvodnje nam slu\u017ei, da lahko na podlagi postavljenih normativov (sestavnic in postopkov s kapacitetami) izra\u010dunamo potreben material in polproizvode, ter potreben \u010das za delo. Proces planiranja proizvodnje nam omogo\u010da tudi delo z razli\u010dnimi plani (dnevnimi, letnimi, \u010detrtletnimi, mese\u010dnimi, fiksni plani, &#8230;). Na podlagi teh planov lahko potem simuliramo zasedenost kapacitet, ra\u010dunamo nabavne&nbsp; potrebe in ovrednotimo vrednost materiala in dela.<\/p>\n\n\n\n<p>V&nbsp; kolikor z rezultati nismo zadovoljni, lahko plan korigiramo in postopek ponovimo. Nek simulacijski plan lahko kasneje postane operativen, ga lansiramo proizvodnjo in izvajamo naro\u010dila dobaviteljem in operativno delo v proizvodnji.<br><br><\/p>\n\n\n\n<p>Proces lansiranja proizvodnje nam slu\u017ei, da na podlagi izra\u010dunanega plana generiramo delovne naloge s potrebno dokumentacijo za proizvodnjo, kot so: zahtevnica, predajnica, delovni listi.<\/p>\n\n\n\n<h3 class=\"wp-block-heading\"><a>Spremljanje proizvodnje<\/a><\/h3>\n\n\n\n<p>Paket omogo\u010da spremljanje dogajanja v proizvodnji po delovnih nalogih&nbsp;in operacijah &#8211; izdelanih izdelkih in polizdelkih.<\/p>\n\n\n\n<p>Informira nas o &nbsp;zasedenosti kapacitet, gotovih operacijah, nekon\u010danih operacijah, operacijah, ki zamujajo, &#8230;.<\/p>\n\n\n\n<p>6Nudi nam razli\u010dne analize iz proizvodnje: kdo, kje in kaj je delal, analiza kvalitete, izplena..<\/p>\n\n\n\n<h3 class=\"wp-block-heading\"><a>Pokalkulacije<\/a><\/h3>\n\n\n\n<p>Pokalkulacije so namenjene pregledu realizacije delovnih nalogov. Omogo\u010dajo pregled planiranih in dejansko porabljenih materialov ter dela za izdelavo kon\u010dnih izdelkov na nek delovni nalog, oz. plan ali posel.<\/p>\n\n\n\n<p>Za uspe\u0161en pregled pokalkulacije moramo imeti izpolnjene naslednje pogoje:<\/p>\n\n\n\n<ul class=\"wp-block-list\"><li>Izra\u010dunan in lansiran plan proizvodnje ( Plan proizvodnje, potrebe proizvodnje, lansiran delovni nalog in lansirane delovne liste (v primeru kadar ho\u010demo spremljati tudi opravljeno delo, oz. porabo \u010dasa)).<\/li><li>Poknji\u017een skladi\u0161\u010dni promet na DN (knjigovodska knji\u017eba, kaj je bilo porabljeno in kaj je bilo izdelano).<\/li><li>Poknji\u017eeni delovni listi (kadar ho\u010demo spremljati tudi opravljeno delo, oz. porabo \u010dasa).<\/li><li>Postavljene cenike za predmete s cenami, katere ho\u010demo uporabljati in to za materiale, polproizvode in&nbsp; proizvode. Skratka za vse elemente, ki nastopajo v pokalkulaciji. Lahko pa postavimo ve\u010d razli\u010dnih cenikov in ve\u010d na\u010dinov dolo\u010devanja cen.<\/li><li>Postavljene cene kapacitet, kadar ho\u010demo vrednostno spremljati tudi opravljeno delo, oz. porabo \u010dasa.<\/li><\/ul>\n","protected":false},"excerpt":{"rendered":"<p>Sestavnice\/Kosovnice Sestavnice predstavljajo poleg na\u010drtov&nbsp;osnovno dokumentacijo izdelka oziroma polizdelka. V njih so predstavljene vse koli\u010dinske relacije, ki nastopajo v izdelku oziroma polizdelku. Organizirane so po modularnem principu, tako da se enak sklop, ki nastopa v razli\u010dnih izdelkih in polizdelkih, vna\u0161a samo enkrat. Mo\u017ena je uporaba razli\u010dnih vrst sestavnic.&nbsp; Odlike, ki jih uporabniki cenijo&nbsp; enostavno vna\u0161anje [&hellip;]<\/p>\n","protected":false},"author":1,"featured_media":0,"parent":0,"menu_order":0,"comment_status":"closed","ping_status":"open","template":"","meta":{"footnotes":""},"class_list":["post-2","page","type-page","status-publish","hentry"],"_links":{"self":[{"href":"https:\/\/roglacup.com\/kopa\/wp-json\/wp\/v2\/pages\/2","targetHints":{"allow":["GET"]}}],"collection":[{"href":"https:\/\/roglacup.com\/kopa\/wp-json\/wp\/v2\/pages"}],"about":[{"href":"https:\/\/roglacup.com\/kopa\/wp-json\/wp\/v2\/types\/page"}],"author":[{"embeddable":true,"href":"https:\/\/roglacup.com\/kopa\/wp-json\/wp\/v2\/users\/1"}],"replies":[{"embeddable":true,"href":"https:\/\/roglacup.com\/kopa\/wp-json\/wp\/v2\/comments?post=2"}],"version-history":[{"count":1,"href":"https:\/\/roglacup.com\/kopa\/wp-json\/wp\/v2\/pages\/2\/revisions"}],"predecessor-version":[{"id":13,"href":"https:\/\/roglacup.com\/kopa\/wp-json\/wp\/v2\/pages\/2\/revisions\/13"}],"wp:attachment":[{"href":"https:\/\/roglacup.com\/kopa\/wp-json\/wp\/v2\/media?parent=2"}],"curies":[{"name":"wp","href":"https:\/\/api.w.org\/{rel}","templated":true}]}}