{"id":21,"date":"2022-07-16T06:17:58","date_gmt":"2022-07-16T06:17:58","guid":{"rendered":"https:\/\/roglacup.com\/kopa\/?page_id=21"},"modified":"2022-08-30T13:16:45","modified_gmt":"2022-08-30T13:16:45","slug":"poslovni-del","status":"publish","type":"page","link":"https:\/\/roglacup.com\/kopa\/poslovni-del\/","title":{"rendered":"POSLOVNI DEL"},"content":{"rendered":"\n<h1 class=\"wp-block-heading\"><a>GLAVNA KNJIGA<\/a><\/h1>\n\n\n\n<a href=\"#blagajna\">Link do blagajne<\/a>\n\n\n\n<p>Glavna knjiga je sestavljena iz naslednjih modulov:<\/p>\n\n\n\n<p>KNJI\u017dENJE<\/p>\n\n\n\n<p>Modul Knji\u017eenje prometa omogo\u010da ro\u010dno evidentiranje poslovnih dogodkov. Ve\u010dino podatkov prenesemo v glavno knjigo iz ostalih&nbsp; poslovnih aplikacij. &nbsp;Iskanje izvora knji\u017eb nam omogo\u010da &nbsp;preprost in hiter dostop do analiti\u010dnih podatkov iz ostalih aplikacij.<\/p>\n\n\n\n<p>PRENOS PODATKOV<\/p>\n\n\n\n<p>V&nbsp; tem modulu prena\u0161amo knji\u017ebe iz statusa dnevnih knji\u017eb v redne knji\u017ebe. Na tem mestu imamo tudi mo\u017enost prenosa temeljnice za pla\u010de iz datoteke v glavno knjigo.<\/p>\n\n\n\n<p>IZPISI<\/p>\n\n\n\n<p>Prednastavljeni &nbsp;so razli\u010dni izpisi, ki omogo\u010dajo izpis podatkov po razli\u010dnih kriterijih ( temeljnica, kartica glavne knjige, razli\u010dne rekapitulacije, bruto bilanca itd.). Prav tako so prednastavljeni tudi izpisi v tuji valuti. Izpisi se lahko shranijo kot lasten izpis ali pa se izpisujejo v Excelu ter PDF formatu.<\/p>\n\n\n\n<p>ANALIZE<\/p>\n\n\n\n<p>Mo\u017enost priprave in &nbsp;izpisa bilance stanja ter izkaza poslovnega izida na osnovi vnosa algoritma.<\/p>\n\n\n\n<p>KONTNI PLAN<\/p>\n\n\n\n<p>Omogo\u010da &nbsp;urejanje in izpis kontnega plana ter urejanje povezav med konti in stro\u0161kovnimi nosilci.&nbsp;<\/p>\n\n\n\n<p>KONTROLNI IZPISI<\/p>\n\n\n\n<p>S kontrolnimi izpisi na osnovi rekapitulacij po razli\u010dnih kriterijih dodatno kontroliramo pravilnost podatov.<\/p>\n\n\n\n<p>DELITEV STRO\u0160KOV<\/p>\n\n\n\n<p>Omogo\u010dena sta delitev in izpis stro\u0161kov po razli\u010dnih kriterijih ( proizvodni, neproizvodni itd, po razli\u010dnih SM itd.)<\/p>\n\n\n\n<p>ZAKLJU\u010cEK LETA<\/p>\n\n\n\n<p>Avtomatiziran postopek zapiranja kontov (saldacije) ter prehoda v novo leto (otvoritev).<\/p>\n\n\n\n<p>DENARNI TOK<\/p>\n\n\n\n<p>Modul Denarni tok omogo\u010da izdelavo in izpis izkaza denarnih tokov na osnovi vnosa algoritma.<\/p>\n\n\n\n<a name=\"blagajna\"><\/a>\n\n\n\n<h1 class=\"wp-block-heading\"><a>BLAGAJNA<\/a><\/h1>\n\n\n\n<p>Aplikacija omogo\u010da spremljanje in vodenje blagajni\u0161kega poslovanja. V modulu KNJI\u017dENJE evidentiramo poslovne dogodke v zvezi z blagajni\u0161kim poslovanjem. Pripravljeni podatke lahko izpi\u0161emo s prednastavljenimi izpisi kot so: dnevnika blagajne, kartico blagajne ter rekapitulacije po razli\u010dnih kriterijih. Izpisi se lahko shranijo kot lasten izpis ali pa se izpisujejo v Excelu ter PDF formatu. Aplikacija omogo\u010da <strong>avtomatsk<\/strong>i prenos v aplikacijo Glavna knjiga.<\/p>\n\n\n\n<h1 class=\"wp-block-heading\"><a><\/a><a><\/a><a>DROBNI INVENTAR<\/a><\/h1>\n\n\n\n<p>Apilkkacija je sestavljena iz naslednjih modulov: Vnos prometa, Izpisi, Prenos podatkov v glavno knjigo in Obdelave.<\/p>\n\n\n\n<p>V modulu VNOS PROMETA evidentiramo poslovne dogodke v zvezi z drobnim inventarjem. Podatke si lahko prenesemo tudi iz aplikacije <strong>Materialno knjigvodstvo<\/strong>.<\/p>\n\n\n\n<p>Prednastavljeni so razli\u010dni izpisi, ki omogo\u010dajo izpis drobnega inventarja po razli\u010dnih kriterijih. Med drugimi lahko izpisujemo kartico delavca, kartico drobnega inventarja, reverze, inventurne rezultate itd. Izpisi se lahko shranijo kot lasten izpis ali pa se izpisujejo v Excelu ter PDF formatu. Modul OBDELAVA je namenjen vrednotenju<\/p>\n\n\n\n<p>drobnega inventarja ter slu\u017ei za pripravo na inventuro drobnega inventarja ( izpis popisnih list). Pu spe\u0161nem zajemu podatkov imamo mo\u017enost avtomatska prenosa podatkov v aplikacijo Glavna knjiga. Za dodatno mo\u017enost izpisov so na voljo DINAMI\u010cNE ANALIZE.<\/p>\n\n\n\n<p>Modul uporabniku zagotavlja, da si v okviru svojega podro\u010dja delovanja samostojno in neodvisno pripravi \u017eelene izpise in analize na ve\u010d razli\u010dnih na\u010dinov (prednastavljeni izpisi\/analize, poseben modul za samostojno nastavljanje analiz).<\/p>\n\n\n\n<h1 class=\"wp-block-heading\"><a>KONSOLIDACIJA<\/a><\/h1>\n\n\n\n<p>Aplikacija &nbsp;je namenjena dostavljanju bilan\u010dnih podatkov povezanih podjetij materinskemu podjetju, konsolidiranju kapitala, izlo\u010danju terjatev in obveznosti, izlo\u010danje vmesnih dobi\u010dkov in izgub ter izlo\u010danje prihodkov in odhodkov.<\/p>\n\n\n\n<p>Podrejena podjetja so lahko uporabniki Kopinih aplikacij \u2013 prenos podatkov poteka avtomati\u010dno, ali pa so uporabnik drugih ra\u010dunalni\u0161kih programov \u2013 v tem primeru podatke pripravijo v posebnih excelovih tabelah, ki se uvozijo v aplikacijo Konsolidacija.<\/p>\n\n\n\n<p>IZPISI<\/p>\n\n\n\n<p>Modul Izpisi omogo\u010dajo izpise dnevnikov prometa, izpise dnevnikov prometa med povezanimi podjetji in izpise skupinskih in uskupinjenih bruto bilanc.<\/p>\n\n\n\n<p>ANALIZE<\/p>\n\n\n\n<p>Omogo\u010den je izra\u010dun in izpis analiz na osnovi algoritmov, ki so nastavljeni v aplikaciji Glavna knjiga.<\/p>\n\n\n\n<h1 class=\"wp-block-heading\"><a>LIKVIDACIJA FAKTUR<\/a><\/h1>\n\n\n\n<p>Likvidacija faktur je urejena v sklopu dokumentnega sistema ODIP, ki omogo\u010da hitro, preprosto in kakovostno podporo razli\u010dnim poslovnim procesom in oddelkom. &nbsp;<\/p>\n\n\n\n<p>Z njim z lahkoto obvladujete dokumente in poskrbite za standardizacijo postopkov. Ob njegovi implementaciji definirate odgovorne osebe za posamezen korak procesa in tako zagotovite kakovost obdelave dokumentov in procesov. Hkrati dolo\u010dite pravice do upravljanja in vpogleda dokumentov in s tem vzpostavite varnost obdelave. Nepoobla\u0161\u010dene osebe tako ne morejo dostopati do dokumentacije (npr. pogodb, ponudb, ra\u010dunov,\u2026) in procesov, do katerih nimajo pooblastil.<\/p>\n\n\n\n<p>Velika dodana vrednost ODiPa je v njegovi intuitivnosti, mobilnosti in neodvisnosti. Uporabljate ga lahko na razli\u010dnih napravah (namizni ra\u010dunalnik, tablice, pametni telefon). Z vmesnikom je poskrbljeno delo v slovenskem, srbskem in angle\u0161kem jeziku, mo\u017ena je tudi prilagoditev v druge jezike.<\/p>\n\n\n\n<h1 class=\"wp-block-heading\"><a><\/a><a>KNJIGA DAVKOV<\/a><\/h1>\n\n\n\n<p>Aplikacija omogo\u010da &nbsp;spremljanje in vodenje dav\u010dnih evidenc v skladu z Zakonom o&nbsp; davku na dodano vrednost.<\/p>\n\n\n\n<p>SPLO\u0160NO<\/p>\n\n\n\n<p>V tem modulu se pripravijo nastavitve za avtomatiziran prenos in obdelavo podatkov iz ostalih aplikacij.<\/p>\n\n\n\n<p>KNJI\u017dENJE<\/p>\n\n\n\n<p>Na tem mestu je &nbsp;omogo\u010den ro\u010dni vnos podatkov, mo\u017eni so tudi popravki podatkov v dav\u010dnih knjigah v okviru datumskih omejitev.<\/p>\n\n\n\n<p>IZPISI<\/p>\n\n\n\n<p>Vsi zahtevani izpisi dav\u010dnih evidenc ter kontrolni izpisi, ki se lahko shranijo kot lasten izpis ali pa se izpisujejo v Excelu ter PDF formatu.<\/p>\n\n\n\n<p>OBRA\u010cUN DDV<\/p>\n\n\n\n<p>Modul omogo\u010da avtomatsko pripravo obra\u010duna DDV.&nbsp; Preko prikaza obra\u010duna na ekran enostavno dostopamo do analiti\u010dnih podatkov, na osnovi katerih je bil izdelan obra\u010dun DDV. V tem modulu si tudi izdelamo TXT datoteko za prenos v sistem eDavki.<\/p>\n\n\n\n<p>PRENOS<\/p>\n\n\n\n<p>Modul Prenos v glavno knjigo in zaklju\u010dek dav\u010dne knjige omogo\u010da prenos podatkov v glavno knjigo ter zaklju\u010dek dav\u010dnega obdobja, s katerim onemogo\u010dimo popravke v tem dav\u010dnem obdobju.<\/p>\n\n\n\n<h1 class=\"wp-block-heading\"><a><\/a><a><\/a><a>MATERIALNO POSLOVANJE<\/a><\/h1>\n\n\n\n<p>Aplikacija je namenjena zajemanju prejetih faktur za nabavljene materiale in surovine, trgovskega blaga&nbsp; ter ostalih faktur, ki jih knji\u017eimo v stro\u0161ke. Z razli\u010dnimi moduli spremljamo in prikazujemo&nbsp; spremembe stanj po vrstah materialov. Poleg koli\u010dinske omogo\u010da tudi vrednostno evidenco stanja in gibanja zalog&nbsp; za razli\u010dna obdobja ter revalorizacijo materialov in surovin. Omogo\u010da prenos podatkov v evidenco terjatev in obveznosti, v glavno knjigo in knjigo davkov.<\/p>\n\n\n\n<p>KNJI\u017dENJE<\/p>\n\n\n\n<p>Modul Knji\u017eenje omogo\u010da&nbsp; knji\u017eenje prejetih faktur, ro\u010dno vrednotenje knjIgovodskih dokumentov, ki nimajo povezave s fakturami ter enostavno iskanje ter &nbsp;hiter pregled dokumentov po razli\u010dnih kriterijih. Modul je lahko povezan z dokumentnim sistemom ODIP.<\/p>\n\n\n\n<p>IZPISI<\/p>\n\n\n\n<p>Omogo\u010den izpis razli\u010dnih predanastaljenih poro\u010dil. To so dnevniki knji\u017eenja, kartice predmetov, izpisi porabe, izpisi vrednosti zalog, analiti\u010dne rekapitulacije in ostala poro\u010dila, potrebna za celovit pregled materialnega poslovanja. Izpisi se lahko shranijo kot lasten izpis ali pa se izpisujejo v Excelu ter PDF formatu.<\/p>\n\n\n\n<p>\u0160IFRANTI<\/p>\n\n\n\n<p>V tem modulu si uredimo vse potrebne nastavitve za obdelavo podatkov.<\/p>\n\n\n\n<p>PRENOSI IN OBDELAVE<\/p>\n\n\n\n<p>Modul Prenosi in obdelave omogo\u010dajo materialni obra\u010dun-vrednotenje, pripravo analiti\u010dne rekapitulacije, vrednostenje inventurnih rezultatov,&nbsp; prenos podatkov v aplikacijo Knjiga davka ter prenos podatkov v aplikacijo Glavna knjiga.<\/p>\n\n\n\n<p>V aplikaciji Materialno poslovanje so omogo\u010deni tudi dolo\u010deni popravki v okviru datumskega obdobja ter kontrola statusa obra\u010dunov.<\/p>\n\n\n\n<p>V pregledih lahko z enostavnim klikom odprete sliko originalnega dokumenta (prejetega ali izdanega ra\u010duna v povezavi z dokumentnim sistemom Odip)<\/p>\n\n\n\n<h1 class=\"wp-block-heading\"><a>BLAGOVNO POSLOVANJE<\/a><\/h1>\n\n\n\n<p>Aplikacija je namenjena vodenju, spremljanju in prikazovanju poslovnih sprememb in poslovnih stanj posameznih vrst gotovih proizvodov&nbsp; in trgovskega blaga&nbsp; &#8211;&nbsp; koli\u010dinsko in vrednostno stanje in gibanje zalog.<\/p>\n\n\n\n<p>KNJI\u017dENJE<\/p>\n\n\n\n<p>Modul Knji\u017eenje je namenjen&nbsp; vnosu faktur za trgovsko blago. V tem modulu je omogo\u010deno tudi ro\u010dno vrednotenje dokumentov.<\/p>\n\n\n\n<p>IZPISI<\/p>\n\n\n\n<p>Izpisi zajemajo&nbsp; izpise prometov in stanj zalog ter dodatne kontrolne izpise za pravilnost obra\u010dunov Izpisi&nbsp; se lahko shranijo kot lasten izpis ali pa se izpisujejo v Excelu ter PDF formatu.<\/p>\n\n\n\n<p>OBDELAVE<\/p>\n\n\n\n<p>Obdelave nam omogo\u010da vrsto akcij, pomembnih tudi za nadaljne delo v ra\u010dunovodstvu. Med njimi so vrednotenje prometa in priprava analiti\u010dne rekapitulacije.<\/p>\n\n\n\n<p>PPRENOS PODATKOV<\/p>\n\n\n\n<p>Na tem mestu je omogo\u010den prenos podatkov v aplikacijo Glavna knjiga.<\/p>\n\n\n\n<h1 class=\"wp-block-heading\"><a>OBRA\u010cUN PROIZVODNJE<\/a><\/h1>\n\n\n\n<p>Aplikacija je namenjena obra\u010dunu proizvodnega procesa po razli\u010dnih klju\u010dih delitve z namenom pridobitve realne lastne cene stro\u0161kovnih nosilcev in izra\u010duna dobi\u010dkonosnosti.<\/p>\n\n\n\n<h1 class=\"wp-block-heading\"><a>OSNOVNA&nbsp; SREDSTVA<\/a><\/h1>\n\n\n\n<p>Aplikacija&nbsp; je namenjena vodenju evidence poslovnih dogodkov in stanj&nbsp; osnovnih sredstev.<\/p>\n\n\n\n<p>\u0160IFRANTI<\/p>\n\n\n\n<p>V tem modulu se pripravijo nastavitve za avtomatizirane obdelave podatkov.<\/p>\n\n\n\n<p>VNOS OSNOVNIH SREDSTEV<\/p>\n\n\n\n<p>Mo\u017enost prenosa podatkov iz aplikacije Materialno poslovanje v povezavi z dokumentnim sistemom ODIP. Omogo\u010den je tudi ro\u010dni vnos v register osnovnih sredstev in knji\u017eenje prometov.<\/p>\n\n\n\n<p>V pregledih lahko z enostavnim klikom odprete sliko originalnega dokumenta (prejetega ali izdanega ra\u010duna v povezavi z dokumentnim sistemom Odip)<\/p>\n\n\n\n<p>IZPISI OSNOVNIH SREDSTEV<\/p>\n\n\n\n<p>Omogo\u010deni so prednastavljeni izpisi&nbsp; stanj in prometov osnovnih sredstev, ki se lahko shranijo kot lasten izpis ali pa se izpisujejo v Excelu ter PDF formatu.<\/p>\n\n\n\n<p>IZRA\u010cUN AMORTIZACIJE<\/p>\n\n\n\n<p>Omogo\u010den avtomatski izra\u010dun in izpis amortizacije in prepis amortizacije v promete.<\/p>\n\n\n\n<p>PRENOS PODATKOV V GLAVNO KNJIGO<\/p>\n\n\n\n<p>Na tem mestu je omogo\u010den prenos podatkov v aplikacijo Glavna knjiga.<\/p>\n\n\n\n<p>INVENTURA OSNOVNIH SREDSTEV<\/p>\n\n\n\n<p>Omogo\u010deno je vse&nbsp; potrebno za u\u010dinkovito inventuro, ki jo lahko izvajamo tudi s \u010ditalci \u010drtnih kod.<\/p>\n\n\n\n<p>Inventura osnovnih sredstev vsebuje izpis popisnih list za inventuro ( mo\u017enost izpisa popisnih list po stro\u0161kovnih mestih in lokacijah), vnos rezultatov popisa in izpis rezultatov popisa.<\/p>\n\n\n\n<p>PREHOD V NOVO LETO<\/p>\n\n\n\n<p>S tem modulom vzpostavimo otvoritveno stanje na za\u010detku poslovnega leta,&nbsp; promet preteklega leta ostane nespremenjen, stanje registra na zadnji dan v letu pa se zapi\u0161e v arhiv.<\/p>\n\n\n\n<p>PLANIRANJE OSNOVNIH SREDSTEV<\/p>\n\n\n\n<p>Mo\u017enost planiranja prometa osnovnih sredstev.<\/p>\n\n\n\n<h1 class=\"wp-block-heading\"><a>TERJATVE IN OBVEZNOSTI<\/a><\/h1>\n\n\n\n<p>Aplikacija je namenjena vodenju evidence poslovanja in stanj kupcev in dobaviteljev, knji\u017eenju poslovnih dogodkov (ra\u010duni, pla\u010dila, avansi, &#8230;), avtomatskim obdelavam in izpisom terjatev in obveznosti v doma\u010di in tujih valutah. Isto\u010dasno s knji\u017eenjem se pri knji\u017ebah v tujih valutah ra\u010dunajo tudi te\u010dajne razlike, mo\u017eno je prevrednotenje odprtih ra\u010dunov&nbsp; in avansov. Te\u010dajnice se avtomatsko prepisujejo iz Banke Slovenije. Poslovne partnerje lahko uskladimo tudi z bazo poslovnih partnerjev Ajpes.<\/p>\n\n\n\n<p>V pregledih lahko z enostavnim klikom odprete sliko originalnega dokumenta (prejetega ali izdanega ra\u010duna v povezavi z dokumentnim sistemom Odip)<\/p>\n\n\n\n<p>PLA\u010cILNI PROMET<\/p>\n\n\n\n<p>Pla\u010dilni promet omogo\u010da avtomatsko kreiranje pla\u010dilnih nalogov na osnovi odprtih ra\u010dunov iz prepis pla\u010dilnih nalogov v ban\u010dne programe ter zapiranje prejetih ra\u010dunov s knji\u017eenjem pla\u010dil na osnovi izpiska iz banke.<\/p>\n\n\n\n<p>Omogo\u010da &nbsp;tudi obdelavo prejetih pla\u010dil in avtomatsko zapiranje izdanih ra\u010dunov na osnovi pravilnih sklicev.<\/p>\n\n\n\n<p>Tu imamo tudi mo\u017enost priprave paketov pla\u010dil po dnevih v naprej. Ra\u010duni, ki so v predlogu za pla\u010dilo, so rezervirani in jih ni mo\u017eno obdelovati s strani drugih uporabnikov in procesov.<\/p>\n\n\n\n<p>IZPISI<\/p>\n\n\n\n<p>Prednastavljeni izpisi v doma\u010di in tuji valuti. Izpisi&nbsp; se lahko shranijo kot lasten izpis ali pa se izpisujejo v Excelu ter PDF formatu.<\/p>\n\n\n\n<p>PORO\u010cILO ZA BS<\/p>\n\n\n\n<p>Modul Poro\u010dilo za BS omogo\u010da pripravo analiz za poro\u010dilo Statistika finan\u010dnih ra\u010dunov in KRD obrazec.<\/p>\n\n\n\n<p>OBRAZCI<\/p>\n\n\n\n<p>Omogo\u010den izpise IOP-jev in opominov v sloven\u0161\u010dini, srbo-hrva\u0161kem in angle\u0161kem jeziku.<\/p>\n\n\n\n<p>ANALIZA<\/p>\n\n\n\n<p>Vsebuje prednastavljene analize kot so analiza pla\u010dil po stankah, koeficient obra\u010danja po strankah itd.<\/p>\n\n\n\n<p>OBRESTI<\/p>\n\n\n\n<p>Modul Obresti omogo\u010da izra\u010dune in izpise obresti.<\/p>\n\n\n\n<p>DODATNO<\/p>\n\n\n\n<p>Uporabniki lahko v okviru modula&nbsp; izpisujejo na\u010drtovane odlive z rezervacijami,&nbsp; &nbsp;imajo mo\u017enost izpisa liste odprtih postavk z rezervacijami ter mo\u017enost odpisa terjatev.<\/p>\n\n\n\n<p>VE\u010cSTRANSKI OBVEZNI POBOT<\/p>\n\n\n\n<p>Mo\u017enost priprave podatkov za obvezni in prostovoljni pobot ter obdelavo rezultatov obveznega pobota in avtomatsko zapiranje pobotanih ra\u010dunov.<\/p>\n\n\n\n<h1 class=\"wp-block-heading\"><a>KOMPENZACIJE<\/a><\/h1>\n\n\n\n<p>Aplikacija omogo\u010da obdelavo medsebojnih in ve\u010dstranskih kompenzacij od predloga do sprovedbe.<\/p>\n\n\n\n<p>V predlog kompenzacije se lahko vklju\u010dujejo odprti ra\u010duni in dobropisi na strani kupcev in dobaviteljev.<\/p>\n\n\n\n<p>Posamezni ra\u010duni in dobropisi se lahko v kompenzacijah v predlogu dodajajo, odvzemajo in spreminjajo do kon\u010dne potrditve kompenzacije, ko mora biti le-ta izravnana. Ra\u010duni, ki so v predlogu za kompenzacijo, so rezervirani in jih ni mo\u017eno obdelovati s strani drugih uporabnikov in procesov.<\/p>\n\n\n\n<p>Omogo\u010den je izpis obrazca, ki se uporablja za po\u0161iljanje partnerjem v potrditev, ob kon\u010dni sprovedbi kompenzacije pa se avtomatsko zaprejo odprti ra\u010duni in dobropisi v aplikaciji Terjatve in obveznosti.<\/p>\n\n\n\n<h1 class=\"wp-block-heading\"><a>NAJEMI MSRP 16<\/a><\/h1>\n\n\n\n<p>Aplikacija za pripoznavanje, merjenje, predstavljanje in razkrivanje najemov v skladu z Mednarodnim standardom ra\u010dunovodskega poro\u010danja. V izkazu PI izkazujemo amortizacijo priznane pravico do uporabe sredstev in finan\u010dne odhodke za obveznosti iz najema.<\/p>\n\n\n\n<p>Osnovne nastavitve so nastavljene v aplikacijah Standardizacija in Krmiljenje poslovnih procesov.<\/p>\n\n\n\n<p>Aplikacija omogo\u010da vnos pogodb in vnos sprememb pogodb ter izpise, ki se lahko shranijo kot lasten izpis ali pa se izpisujejo v Excelu ter PDF formatu. Izpi\u0161emo si lahko tudi mese\u010dni ali letni amortizacijski na\u010drt ter podrejene in nadrejene mese\u010dne amortizacijske na\u010drte.<\/p>\n\n\n\n<p>Uporabnikom je omogo\u010dena tudi analiza najemov po obdobjih. Omogo\u010dena je tudi priprava analiti\u010dne rekapitulacije ter prenos v aplikacijo Glavna knjiga.<strong><\/strong><\/p>\n\n\n\n<p>DINAMI\u010cNE ANALIZE ( vse aplikacije, moduli )<\/p>\n\n\n\n<p>Z njihovo pomo\u010djo izdelujemo \u0161tevilne izpise in analize. Modul uporabniku zagotavlja, da si v okviru svojega podro\u010dja delovanja samostojno in neodvisno pripravi \u017eelene izpise in analize na ve\u010d razli\u010dnih na\u010dinov (prednastavljeni izpisi\/analize, poseben modul za samostojno nastavljanje analiz). Aplikacija uporabniku hkrati zagotavlja, da lahko vse izpise\/analize izvozi v programska orodja oz. formate, kot so npr. Excel, PDF, HTML, kjer bo lahko podatke nadalje obdeloval v skladu z \u017eelenim rezultatom oz. glede na format zagotovil za\u0161\u010dito dokumenta.<\/p>\n","protected":false},"excerpt":{"rendered":"<p>GLAVNA KNJIGA Link do blagajne Glavna knjiga je sestavljena iz naslednjih modulov: KNJI\u017dENJE Modul Knji\u017eenje prometa omogo\u010da ro\u010dno evidentiranje poslovnih dogodkov. Ve\u010dino podatkov prenesemo v glavno knjigo iz ostalih&nbsp; poslovnih aplikacij. &nbsp;Iskanje izvora knji\u017eb nam omogo\u010da &nbsp;preprost in hiter dostop do analiti\u010dnih podatkov iz ostalih aplikacij. PRENOS PODATKOV V&nbsp; tem modulu prena\u0161amo knji\u017ebe iz statusa [&hellip;]<\/p>\n","protected":false},"author":1,"featured_media":0,"parent":0,"menu_order":0,"comment_status":"closed","ping_status":"closed","template":"","meta":{"footnotes":""},"class_list":["post-21","page","type-page","status-publish","hentry"],"_links":{"self":[{"href":"https:\/\/roglacup.com\/kopa\/wp-json\/wp\/v2\/pages\/21","targetHints":{"allow":["GET"]}}],"collection":[{"href":"https:\/\/roglacup.com\/kopa\/wp-json\/wp\/v2\/pages"}],"about":[{"href":"https:\/\/roglacup.com\/kopa\/wp-json\/wp\/v2\/types\/page"}],"author":[{"embeddable":true,"href":"https:\/\/roglacup.com\/kopa\/wp-json\/wp\/v2\/users\/1"}],"replies":[{"embeddable":true,"href":"https:\/\/roglacup.com\/kopa\/wp-json\/wp\/v2\/comments?post=21"}],"version-history":[{"count":3,"href":"https:\/\/roglacup.com\/kopa\/wp-json\/wp\/v2\/pages\/21\/revisions"}],"predecessor-version":[{"id":77,"href":"https:\/\/roglacup.com\/kopa\/wp-json\/wp\/v2\/pages\/21\/revisions\/77"}],"wp:attachment":[{"href":"https:\/\/roglacup.com\/kopa\/wp-json\/wp\/v2\/media?parent=21"}],"curies":[{"name":"wp","href":"https:\/\/api.w.org\/{rel}","templated":true}]}}