{"id":23,"date":"2022-07-16T06:24:36","date_gmt":"2022-07-16T06:24:36","guid":{"rendered":"https:\/\/roglacup.com\/kopa\/?page_id=23"},"modified":"2022-07-16T06:31:58","modified_gmt":"2022-07-16T06:31:58","slug":"kopa-place","status":"publish","type":"page","link":"https:\/\/roglacup.com\/kopa\/kopa-place\/","title":{"rendered":"Pla\u010de"},"content":{"rendered":"\n<h3 class=\"wp-block-heading\"><a>Vstopna stran in uporabni\u0161ka navodila<\/a><\/h3>\n\n\n\n<h3 class=\"wp-block-heading\">&nbsp;<\/h3>\n\n\n\n<h4 class=\"wp-block-heading\">VSTOPNA STRAN (DASHBOARD)<\/h4>\n\n\n\n<ul class=\"wp-block-list\"><li>Na vstopni strani najdemo grafi\u010dni prikaz bruto pla\u010de za zadnjih dvanajst mesecev s strukturo pla\u010de za celotno podjetje.<ul><li>Aplikacija nas opozori, komu od zaposlenih pote\u010de pogodba.<\/li><\/ul><\/li><\/ul>\n\n\n\n<h4 class=\"wp-block-heading\">UPORABNI\u0160KA NAVODILA<\/h4>\n\n\n\n<ul class=\"wp-block-list\"><li>Podrobna navodila znotraj Kopa PCE v pdf obliki za vsako aplikacijo posebej in dodatna navodila znotraj modalnih oken. Navodila se dopolnjujejo z vsako novo verzijo.<\/li><\/ul>\n\n\n\n<p>Osnovni paket Kopa Pla\u010de v nadaljevanju PCE zajema <a>algoritme za osnovna izpla\u010dila v vsakem podjetju: pla\u010do, regres, jubilejno nagrado, odpravnino in poslovno uspe\u0161nost. Zagotovljena je informacijska podpora pri izra\u010dunu po veljavni zakonodaji. Paket omogo\u010da zajem mati\u010dnih in mese\u010dnih podatkov, potrebnih za izra\u010dun, izpla\u010dilo, pripravo datotek in izpisov za posredovanje podatkov bankam, finan\u010dni upravi in statistiki s pomo\u010djo razli\u010dnih elektronskih povezav. Z dinami\u010dnimi analizami je omogo\u010den enostaven pregled in priprava poro\u010dil za potrebe podjetja.<\/a><\/p>\n\n\n\n<p>Zajem potrebnih podatkov za izra\u010dun pla\u010de in drugih prejemkov poteka iz ve\u010d virov:<\/p>\n\n\n\n<p>Kopa PCE povezujemo z vsemi zunanjimi ponudniki registracije delovnega \u010dasa&nbsp; (\u0160pica, \u010cetrta pot, Jantar,\u2026).&nbsp; S pomo\u010djo povezovalne tabele se postavke iz registracije pove\u017eejo s postavkami v Kopa PCE. Prenos&nbsp; se izvaja konec meseca in se v primeru morebitnih popravkov na strani registracije lahko ponavlja.<\/p>\n\n\n\n<p>Mati\u010dne podatke pridobivamo iz Kopa HRM, ali pa se povezujemo z drugimi HRM ponudniki. Prenos v Kopa PCE se izvaja kadarkoli v mesecu, obvezno pa do obra\u010dun osebnih prejemkov.<\/p>\n\n\n\n<p>Konstante so vrednosti, ki veljajo za ve\u010djo skupino ljudi (konstante OE, stro\u0161kovnih mest, tarifnih \/ pla\u010dilnih razredov) oz. veljajo dlje \u010dasa (konstante delavcev). Dolo\u010dene vrednosti se na konstante delavcev lahko zapi\u0161ejo \u017ee s prenosom iz kadrovske evidence. Vrednosti iz konstant se zajemajo v<\/p>\n\n\n\n<p>obra\u010dunih.<\/p>\n\n\n\n<p>Poleg dav\u010dne lestvice, prispevkov iz in na pla\u010de, lestvico s % dodatka za delovno dobo in za stalnost, lahko v izra\u010dun vklju\u010dujemo tudi druge poljubne lestvice (npr. cenik avtobusnih prevozov po kilometrih).<\/p>\n\n\n\n<p>Aplikacija omogo\u010da vzporedne obra\u010dune na istih mese\u010dnih podatkih, simulacijo z raznimi&nbsp;&nbsp;&nbsp;&nbsp; spremembami (npr. vrednosti koli\u010dnika), primerjavo simulacij z rednimi obra\u010duni.<\/p>\n\n\n\n<h3 class=\"wp-block-heading\"><a>Obra\u010dun drugih osebnih prejemkov (podjemne pogodbe, sejnine, obvezna praksa, najemnine ipd.)<\/a><\/h3>\n\n\n\n<p>Nadgradnja osnovnega paketa zajema algoritme in ostale nastavitve za ostala izpla\u010dila osebnih prejemkov (podjemne pogodbe, sejnine, obvezna praksa, najemnine). Pogoj za uporabo sklopa je, da so vsi prejemniki osebnih prejemkov zavedeni v kadrovski evidenci z ustreznim statusom.<\/p>\n\n\n\n<h3 class=\"wp-block-heading\"><a>eBOL, eNDM<\/a><\/h3>\n\n\n\n<p>S povezavo preko e-bol podatki avtomatsko napolnijo tabelo za boleznine, ki pa \u0161e vedno omogo\u010da ro\u010dne popravke in dopolnitve morebiti izpadlih bolni\u0161kih listov.<\/p>\n\n\n\n<p>Po opravljenem obra\u010dunu uporabnikom zagotovimo elektronsko oddajanje refundacijskih zahtevkov \u2013 eNDM. Aplikacija je bila predhodno preverjena in potrjena s strani ZZZS. Uporabnik potrebuje le digitalno potrdilo, s katerim dostopa do portala.<\/p>\n\n\n\n<h3 class=\"wp-block-heading\"><a>Potni nalogi<\/a><\/h3>\n\n\n\n<p>Aplikacija omogo\u010da vnos zahtevka za slu\u017ebeno pot, potrditev s strani nadrejenega, obra\u010dun v razli\u010dnih valutah ter kon\u010dno potrditev nadrejenih za izpla\u010dilo stro\u0161kov.<\/p>\n\n\n\n<p>Dodatne funkcionalnosti re\u0161itve:&nbsp;<\/p>\n\n\n\n<ul class=\"wp-block-list\"><li>z mo\u017enostjo obra\u010duna razli\u010dnih vrst kilometrin,<\/li><li>izra\u010dun kilometrine s pomo\u010djo povezave z daljinarjem Google maps,<\/li><li>povezavo z delovnimi nalogi (delitev stro\u0161kov po delovnih nalogih),<\/li><li>spremljanje stro\u0161kov po razli\u010dnih poslovnih partnerjih,<\/li><li>razli\u010dnimi cenami kilometrin za vozila, ki so v uporabi zaposlenih.<\/li><\/ul>\n","protected":false},"excerpt":{"rendered":"<p>Vstopna stran in uporabni\u0161ka navodila &nbsp; VSTOPNA STRAN (DASHBOARD) Na vstopni strani najdemo grafi\u010dni prikaz bruto pla\u010de za zadnjih dvanajst mesecev s strukturo pla\u010de za celotno podjetje. Aplikacija nas opozori, komu od zaposlenih pote\u010de pogodba. UPORABNI\u0160KA NAVODILA Podrobna navodila znotraj Kopa PCE v pdf obliki za vsako aplikacijo posebej in dodatna navodila znotraj modalnih oken. [&hellip;]<\/p>\n","protected":false},"author":1,"featured_media":0,"parent":0,"menu_order":0,"comment_status":"closed","ping_status":"closed","template":"","meta":{"footnotes":""},"class_list":["post-23","page","type-page","status-publish","hentry"],"_links":{"self":[{"href":"https:\/\/roglacup.com\/kopa\/wp-json\/wp\/v2\/pages\/23","targetHints":{"allow":["GET"]}}],"collection":[{"href":"https:\/\/roglacup.com\/kopa\/wp-json\/wp\/v2\/pages"}],"about":[{"href":"https:\/\/roglacup.com\/kopa\/wp-json\/wp\/v2\/types\/page"}],"author":[{"embeddable":true,"href":"https:\/\/roglacup.com\/kopa\/wp-json\/wp\/v2\/users\/1"}],"replies":[{"embeddable":true,"href":"https:\/\/roglacup.com\/kopa\/wp-json\/wp\/v2\/comments?post=23"}],"version-history":[{"count":2,"href":"https:\/\/roglacup.com\/kopa\/wp-json\/wp\/v2\/pages\/23\/revisions"}],"predecessor-version":[{"id":25,"href":"https:\/\/roglacup.com\/kopa\/wp-json\/wp\/v2\/pages\/23\/revisions\/25"}],"wp:attachment":[{"href":"https:\/\/roglacup.com\/kopa\/wp-json\/wp\/v2\/media?parent=23"}],"curies":[{"name":"wp","href":"https:\/\/api.w.org\/{rel}","templated":true}]}}