{"id":31,"date":"2022-07-16T07:03:29","date_gmt":"2022-07-16T07:03:29","guid":{"rendered":"https:\/\/roglacup.com\/kopa\/?page_id=31"},"modified":"2022-07-16T07:04:34","modified_gmt":"2022-07-16T07:04:34","slug":"utrip","status":"publish","type":"page","link":"https:\/\/roglacup.com\/kopa\/utrip\/","title":{"rendered":"UTRIP"},"content":{"rendered":"\n<p><\/p>\n\n\n\n<p>Podjetja so postavljena pred izziv, kako s kakovostnimi podatki iz proizvodnje v realnem \u010dasu izbolj\u0161ati&nbsp; procese, predvsem pa hitro odpravljati anomalije, optimizirati in pohitriti tehnolo\u0161ke postopke ter se prilagoditi spremembam. Proizvodnja, kot&nbsp; srce podjetja, mora utripati v pravem ritmu in ta ritem lahko z re\u0161itvijo KOPA UTRIP spremljate sproti, ker le tako lahko prepre\u010dite odstopanja in posledi\u010dno \u0161kodo. Spremljate lahko razli\u010dne parametre, ki so klju\u010dni za proizvodni proces in te podatke v realnem \u010dasu analizirate, ugotavljate in ponavljate dobre vzorce ter prepre\u010dujete slabe.<\/p>\n\n\n\n<p>Programska re\u0161itev KOPA Utrip je spletna aplikacija dostopna preko brskalnika in omogo\u010da spremljanje proizvodnje s pomo\u010djo zajema ter prikaza&nbsp; podatkov iz proizvodne v trenutku nastanka. Ti podatki se uporabljajo za eskalacije in analitiko. Podatki (kdo dela na stroju oz. delovnem centru &#8211; DC, katero operacijo \u2013 fazo dela, koliko \u010dasa je \u017ee porabil, izdelana koli\u010dina, zastoji, vzrok zastoja, izmet, vzrok izmeta, potrditev zaloge materiala za izvedbo operacije).<\/p>\n\n\n\n<p>Vodstvo s tem sistemom dobi vpogled v dogajanje v proizvodnji na daljavo. Za vsak delovni nalog in faze dela (operacije) se v vsakem trenutku vidi zaklju\u010denost faze dela oz. izdelana koli\u010dina. V vsakem trenutku je vidno stanje vseh nalogov, kar omogo\u010da hitro ukrepanje ob odstopanjih.&nbsp; Ti podatki omogo\u010dajo analitiko in so osnova za nagrajevanje na podlagi dejanskih podatkov, kar omogo\u010da objektivno nagrajevanje, ki je argumentirano s podatki.<\/p>\n\n\n\n<h2 class=\"wp-block-heading\"><a><\/a><a>Funkcionalnosti<\/a> re\u0161itve<\/h2>\n\n\n\n<p>Zajem podatkov s prijavo osebe, prijavo faze-operacije, izbiro vrste dela oz. zastoja za dolo\u010den delovni center, vnos koli\u010dine, izmeta, meritev:<\/p>\n\n\n\n<ul class=\"wp-block-list\"><li>Prikaz zadnjega stanja stroja oz. DC&nbsp; (kvadratki z barvami \u2013 zeleno, rde\u010de, rumeno, belo):<ul><li>Zeleno \u2013 stroj dela;<\/li><\/ul><ul><li>Rde\u010de \u2013 zastoj;<\/li><\/ul><ul><li>Rumeno \u2013 nastavitve stroja;<\/li><\/ul><ul><li>Belo \u2013 stroj ni planiran.<\/li><\/ul><\/li><\/ul>\n\n\n\n<ul class=\"wp-block-list\"><li>Podrobnosti posameznega stroja oz. delovnega centra \u2013 DC:<ul><li>Kdo je prijavljen;<\/li><\/ul><ul><li>Kateri delovni list;<\/li><\/ul><ul><li>Izdelana koli\u010dina &#8211; \u0161e za izdelati;<\/li><\/ul><ul><li>Izmet \u2013 vzrok;<\/li><\/ul><ul><li>Zastoj \u2013 vzrok.<\/li><\/ul><\/li><\/ul>\n\n\n\n<p>Da bi lahko prikazali stanje posameznega DC so potrebne predhodne nastavitve:<\/p>\n\n\n\n<ul class=\"wp-block-list\"><li>Priprava kontrolnih planov:<ul><li>Za vsako \u0161ifro predmeta in operacijo (tip meritve, frekvenca, tolerance);<\/li><\/ul><ul><li>Priprava dokumentnega sistema:<ul><li>Vrste dokumentov na DC, \u0161ifro izdelka, delovni nalog ali&nbsp; specifi\u010dno operacijo;<\/li><\/ul><\/li><\/ul><ul><li>Razporejanje operacij na delovne centre.<\/li><\/ul><\/li><\/ul>\n\n\n\n<p>KOPA UTRIP omogo\u010da spremljanje:<\/p>\n\n\n\n<ul class=\"wp-block-list\"><li>Prijava\/odjava delavca na DC (prijava s \u010drtno kodo oz. PIN \u0161tevilko delavca);<ul><li>Prijava\/odjava operacije \u2013 delovnega listka (izbira operacije pri brezpapirni proizvodnji);<\/li><\/ul><ul><li>Vnos izdelane koli\u010dine oz. izmeta;<\/li><\/ul><ul><li>Prijava\/odjava&nbsp; zastoja:<ul><li>Eskalacije;<\/li><\/ul><\/li><\/ul><ul><li>Meritev \u2013 ro\u010dni vnos meritve (numeri\u010dna vrednost ali status OK\/ni OK):<ul><li>Eskalacije;<\/li><\/ul><\/li><\/ul><ul><li>Vnos izmeta:&nbsp;<ul><li>Eskalacije.<\/li><\/ul><\/li><\/ul><\/li><\/ul>\n\n\n\n<p>Uvoz tehnolo\u0161kih podatkov:<\/p>\n\n\n\n<ul class=\"wp-block-list\"><li>iz strukturiranega EXCEL-a oz. v nadaljevanju API-ja, preko katerega se pove\u017eejo podatki iz obstoje\u010dega sistema:<ul><li>Struktura je dolo\u010dena (uporabnik prilagodi podatke strukturi)<\/li><\/ul><ul><li>Pri tem je pomembno, da zdru\u017ei faze \u2013 operacije, da ti \u010dasi niso kraj\u0161i od npr. 10 min<\/li><\/ul><\/li><li>Preko vnaprej pripravljene Excel-ove&nbsp; tabele ali ro\u010dno.<\/li><\/ul>\n\n\n\n<p>Analitika:<\/p>\n\n\n\n<ul class=\"wp-block-list\"><li>Standardna KOPA UTRIP analitika (kdo, kaj dela, na katerem stroju, izdelana koli\u010dina, porabljen \u010das, skupni \u010das za operacijo &#8211;&nbsp; delovni listek, zastoji po vzrokih, meritve, odstopanja\u2026);<ul><li>POWER BI analitika<\/li><\/ul><\/li><\/ul>\n","protected":false},"excerpt":{"rendered":"<p>Podjetja so postavljena pred izziv, kako s kakovostnimi podatki iz proizvodnje v realnem \u010dasu izbolj\u0161ati&nbsp; procese, predvsem pa hitro odpravljati anomalije, optimizirati in pohitriti tehnolo\u0161ke postopke ter se prilagoditi spremembam. Proizvodnja, kot&nbsp; srce podjetja, mora utripati v pravem ritmu in ta ritem lahko z re\u0161itvijo KOPA UTRIP spremljate sproti, ker le tako lahko prepre\u010dite odstopanja [&hellip;]<\/p>\n","protected":false},"author":1,"featured_media":0,"parent":0,"menu_order":0,"comment_status":"closed","ping_status":"closed","template":"","meta":{"footnotes":""},"class_list":["post-31","page","type-page","status-publish","hentry"],"_links":{"self":[{"href":"https:\/\/roglacup.com\/kopa\/wp-json\/wp\/v2\/pages\/31","targetHints":{"allow":["GET"]}}],"collection":[{"href":"https:\/\/roglacup.com\/kopa\/wp-json\/wp\/v2\/pages"}],"about":[{"href":"https:\/\/roglacup.com\/kopa\/wp-json\/wp\/v2\/types\/page"}],"author":[{"embeddable":true,"href":"https:\/\/roglacup.com\/kopa\/wp-json\/wp\/v2\/users\/1"}],"replies":[{"embeddable":true,"href":"https:\/\/roglacup.com\/kopa\/wp-json\/wp\/v2\/comments?post=31"}],"version-history":[{"count":1,"href":"https:\/\/roglacup.com\/kopa\/wp-json\/wp\/v2\/pages\/31\/revisions"}],"predecessor-version":[{"id":32,"href":"https:\/\/roglacup.com\/kopa\/wp-json\/wp\/v2\/pages\/31\/revisions\/32"}],"wp:attachment":[{"href":"https:\/\/roglacup.com\/kopa\/wp-json\/wp\/v2\/media?parent=31"}],"curies":[{"name":"wp","href":"https:\/\/api.w.org\/{rel}","templated":true}]}}